{"id":2,"date":"2016-06-12T20:42:52","date_gmt":"2016-06-12T20:42:52","guid":{"rendered":"http:\/\/www.friends-will-be-friends.net\/?page_id=2"},"modified":"2016-06-14T01:19:35","modified_gmt":"2016-06-14T01:19:35","slug":"pagina-inicio","status":"publish","type":"page","link":"https:\/\/www.friends-will-be-friends.net\/","title":{"rendered":"Bienvenidos a Friends Will Be Friends"},"content":{"rendered":"<p>Si pasan m\u00e1s de 40 a\u00f1os y unas personas desean seguir juntas es que lo desean de coraz\u00f3n. Eso debe ser la amistad. La aut\u00e9ntica amistad no se puede adquirir a ning\u00fan precio\u00a0y por eso que es valiosa.<\/p>\n<p>Este grupo de amigos pueden contar historias para llenar varios libros. Historias buenas, historias regulares, historias malas y sobre todo historias extraordinarias. Todas ellas han cimentado el cari\u00f1o, el respeto, la comprensi\u00f3n, la disculpa y el deseo de volver a vernos y compartir momentos juntos y crear lugares comunes.<\/p>\n<blockquote>\n<p style=\"text-align: center;\">Algunos creen que para ser amigos basta con querer, como si para estar sano bastara con desear la salud.<\/p>\n<p class=\"a\" style=\"text-align: right;\">Arist\u00f3teles\u00a0(384 AC-322 AC) Fil\u00f3sofo griego.<\/p>\n<p>&nbsp;<\/p><\/blockquote>\n","protected":false},"excerpt":{"rendered":"<p>Si pasan m\u00e1s de 40 a\u00f1os y unas personas desean seguir juntas es que lo desean de coraz\u00f3n. Eso debe ser la amistad. La aut\u00e9ntica amistad no se puede adquirir a ning\u00fan precio\u00a0y por eso que es valiosa. Este grupo de amigos pueden contar historias para llenar varios libros. Historias buenas, historias regulares, historias malas [&hellip;]<\/p>\n","protected":false},"author":1,"featured_media":0,"parent":0,"menu_order":0,"comment_status":"closed","ping_status":"closed","template":"","meta":{"footnotes":""},"class_list":["post-2","page","type-page","status-publish","hentry"],"_links":{"self":[{"href":"https:\/\/www.friends-will-be-friends.net\/index.php?rest_route=\/wp\/v2\/pages\/2"}],"collection":[{"href":"https:\/\/www.friends-will-be-friends.net\/index.php?rest_route=\/wp\/v2\/pages"}],"about":[{"href":"https:\/\/www.friends-will-be-friends.net\/index.php?rest_route=\/wp\/v2\/types\/page"}],"author":[{"embeddable":true,"href":"https:\/\/www.friends-will-be-friends.net\/index.php?rest_route=\/wp\/v2\/users\/1"}],"replies":[{"embeddable":true,"href":"https:\/\/www.friends-will-be-friends.net\/index.php?rest_route=%2Fwp%2Fv2%2Fcomments&post=2"}],"version-history":[{"count":3,"href":"https:\/\/www.friends-will-be-friends.net\/index.php?rest_route=\/wp\/v2\/pages\/2\/revisions"}],"predecessor-version":[{"id":646,"href":"https:\/\/www.friends-will-be-friends.net\/index.php?rest_route=\/wp\/v2\/pages\/2\/revisions\/646"}],"wp:attachment":[{"href":"https:\/\/www.friends-will-be-friends.net\/index.php?rest_route=%2Fwp%2Fv2%2Fmedia&parent=2"}],"curies":[{"name":"wp","href":"https:\/\/api.w.org\/{rel}","templated":true}]}}