{"id":911,"date":"2016-06-14T01:11:58","date_gmt":"2016-06-14T01:11:58","guid":{"rendered":"http:\/\/www.friends-will-be-friends.net\/?page_id=911"},"modified":"2018-06-15T02:37:18","modified_gmt":"2018-06-15T01:37:18","slug":"mas-fotos","status":"publish","type":"page","link":"https:\/\/www.friends-will-be-friends.net\/?page_id=911","title":{"rendered":"M\u00e1s Fotos"},"content":{"rendered":"<p>Quieres incluir fotos en alg\u00fan \u00c1lbum?<\/p>\n<p>Quieres crear un nuevo \u00c1lbum?<\/p>\n<p>Quieres enviarnos una Sugerencia?<\/p>\n<p><img fetchpriority=\"high\" decoding=\"async\" class=\"aligncenter wp-image-1084 size-medium\" style=\"font-size: 1rem;\" src=\"http:\/\/www.friends-will-be-friends.net\/wp-content\/uploads\/2018\/06\/fotografos-300x211-300x211.jpg\" alt=\"\" width=\"300\" height=\"211\" \/><\/p>\n<p>Est\u00e1s en las fotos y no sab\u00edas que ten\u00edas tantos amigos?<\/p>\n<p>Este es el lugar para subir fotos directamente y comentarnos lo que quieras. S\u00f3lo tienes que utilizar esta direcci\u00f3n de correo electr\u00f3nico que es como una pasarela directa a Friends Will Be Friends.<\/p>\n<p>Haz click en <strong><a href=\"mailto:masfotos@friends-will-be-friends.net\" target=\"_blank\" rel=\"noopener\">masfotos@friends-will-be-friends.net<\/a><\/strong> y utiliza tu gestor de correo habitual para subir fotos y comunicarte con nosotros.<\/p>\n","protected":false},"excerpt":{"rendered":"<p>Quieres incluir fotos en alg\u00fan \u00c1lbum? Quieres crear un nuevo \u00c1lbum? Quieres enviarnos una Sugerencia? Est\u00e1s en las fotos y no sab\u00edas que ten\u00edas tantos amigos? Este es el lugar para subir fotos directamente y comentarnos lo que quieras. S\u00f3lo tienes que utilizar esta direcci\u00f3n de correo electr\u00f3nico que es como una pasarela directa a [&hellip;]<\/p>\n","protected":false},"author":1,"featured_media":0,"parent":0,"menu_order":0,"comment_status":"closed","ping_status":"closed","template":"","meta":{"footnotes":""},"class_list":["post-911","page","type-page","status-publish","hentry"],"_links":{"self":[{"href":"https:\/\/www.friends-will-be-friends.net\/index.php?rest_route=\/wp\/v2\/pages\/911"}],"collection":[{"href":"https:\/\/www.friends-will-be-friends.net\/index.php?rest_route=\/wp\/v2\/pages"}],"about":[{"href":"https:\/\/www.friends-will-be-friends.net\/index.php?rest_route=\/wp\/v2\/types\/page"}],"author":[{"embeddable":true,"href":"https:\/\/www.friends-will-be-friends.net\/index.php?rest_route=\/wp\/v2\/users\/1"}],"replies":[{"embeddable":true,"href":"https:\/\/www.friends-will-be-friends.net\/index.php?rest_route=%2Fwp%2Fv2%2Fcomments&post=911"}],"version-history":[{"count":15,"href":"https:\/\/www.friends-will-be-friends.net\/index.php?rest_route=\/wp\/v2\/pages\/911\/revisions"}],"predecessor-version":[{"id":1087,"href":"https:\/\/www.friends-will-be-friends.net\/index.php?rest_route=\/wp\/v2\/pages\/911\/revisions\/1087"}],"wp:attachment":[{"href":"https:\/\/www.friends-will-be-friends.net\/index.php?rest_route=%2Fwp%2Fv2%2Fmedia&parent=911"}],"curies":[{"name":"wp","href":"https:\/\/api.w.org\/{rel}","templated":true}]}}